{"id":127,"date":"2023-03-05T16:51:25","date_gmt":"2023-03-05T15:51:25","guid":{"rendered":"https:\/\/www.tuxik.cz\/?page_id=127"},"modified":"2025-08-05T19:55:35","modified_gmt":"2025-08-05T18:55:35","slug":"odkazy-na-zajimave-weby","status":"publish","type":"page","link":"http:\/\/tuxik.cz\/?page_id=127","title":{"rendered":"Odkazy na zaj\u00edmav\u00e9 weby"},"content":{"rendered":"\n<h4 class=\"wp-block-heading\"><strong><span style=\"text-decoration: underline;\">Elektronika, bastlen\u00ed:<\/span><\/strong><\/h4>\n\n\n\n<ul>\n<li><a rel=\"noreferrer noopener\" href=\"http:\/\/rayer.g6.cz\" target=\"_blank\">http:\/\/rayer.g6.cz<\/a> &#8211; Rayerova homepage. Elektronika, pokusy s vysok\u00fdm nap\u011bt\u00edm<\/li>\n\n\n\n<li><a rel=\"noreferrer noopener\" href=\"http:\/\/www.pira.cz\" target=\"_blank\">http:\/\/www.pira.cz<\/a> &#8211; Pira.cz &#8211; n\u00e1vody a teorie ohledn\u011b rozhlasov\u00e9ho vys\u00edl\u00e1n\u00ed<\/li>\n\n\n\n<li><a rel=\"noreferrer noopener\" href=\"http:\/\/www.danyk.cz\" target=\"_blank\">http:\/\/www.danyk.cz<\/a> &#8211; Danykova bastl\u00edrna<\/li>\n<\/ul>\n\n\n\n<p><strong><span style=\"text-decoration: underline;\">Tov\u00e1rn\u00ed kom\u00edny a industri\u00e1l:<\/span><\/strong><br><\/p>\n\n\n\n<ul>\n<li><a href=\"http:\/\/koda.kominari.cz\">http:\/\/koda.kominari.cz<\/a> &#8211; nejkomplexn\u011bj\u0161\u00ed seznam tov\u00e1rn\u00edch kom\u00ednu na sv\u011bt\u011b, v\u010detn\u011b kompletn\u00ed dokumentace<\/li>\n\n\n\n<li><a href=\"http:\/\/mistamehomesta.cz\">http:\/\/mistamehomesta.cz<\/a> &#8211; Kubova webovka s p\u011bkn\u00fdm urbexov\u00fdm pokouk\u00e1n\u00edm<\/li>\n<\/ul>\n","protected":false},"excerpt":{"rendered":"<p>Elektronika, bastlen\u00ed: Tov\u00e1rn\u00ed kom\u00edny a industri\u00e1l:<\/p>\n","protected":false},"author":1,"featured_media":0,"parent":0,"menu_order":0,"comment_status":"closed","ping_status":"closed","template":"","meta":{"footnotes":""},"_links":{"self":[{"href":"http:\/\/tuxik.cz\/index.php?rest_route=\/wp\/v2\/pages\/127"}],"collection":[{"href":"http:\/\/tuxik.cz\/index.php?rest_route=\/wp\/v2\/pages"}],"about":[{"href":"http:\/\/tuxik.cz\/index.php?rest_route=\/wp\/v2\/types\/page"}],"author":[{"embeddable":true,"href":"http:\/\/tuxik.cz\/index.php?rest_route=\/wp\/v2\/users\/1"}],"replies":[{"embeddable":true,"href":"http:\/\/tuxik.cz\/index.php?rest_route=%2Fwp%2Fv2%2Fcomments&post=127"}],"version-history":[{"count":2,"href":"http:\/\/tuxik.cz\/index.php?rest_route=\/wp\/v2\/pages\/127\/revisions"}],"predecessor-version":[{"id":331,"href":"http:\/\/tuxik.cz\/index.php?rest_route=\/wp\/v2\/pages\/127\/revisions\/331"}],"wp:attachment":[{"href":"http:\/\/tuxik.cz\/index.php?rest_route=%2Fwp%2Fv2%2Fmedia&parent=127"}],"curies":[{"name":"wp","href":"https:\/\/api.w.org\/{rel}","templated":true}]}}